{"id":464,"date":"2021-10-29T14:33:24","date_gmt":"2021-10-29T14:33:24","guid":{"rendered":"https:\/\/dijitalanne.online\/?page_id=464"},"modified":"2021-10-29T14:53:50","modified_gmt":"2021-10-29T14:53:50","slug":"dijital-anne-rehberi","status":"publish","type":"page","link":"https:\/\/dijitalanne.online\/?page_id=464","title":{"rendered":"D\u0130J\u0130TAL ANNE REHBER\u0130"},"content":{"rendered":"\n\n\n\n\n\n","protected":false},"excerpt":{"rendered":"","protected":false},"author":1,"featured_media":0,"parent":0,"menu_order":0,"comment_status":"closed","ping_status":"closed","template":"","meta":{"pagelayer_contact_templates":[],"_pagelayer_content":"","footnotes":""},"class_list":["post-464","page","type-page","status-publish","hentry"],"_links":{"self":[{"href":"https:\/\/dijitalanne.online\/index.php?rest_route=\/wp\/v2\/pages\/464","targetHints":{"allow":["GET"]}}],"collection":[{"href":"https:\/\/dijitalanne.online\/index.php?rest_route=\/wp\/v2\/pages"}],"about":[{"href":"https:\/\/dijitalanne.online\/index.php?rest_route=\/wp\/v2\/types\/page"}],"author":[{"embeddable":true,"href":"https:\/\/dijitalanne.online\/index.php?rest_route=\/wp\/v2\/users\/1"}],"replies":[{"embeddable":true,"href":"https:\/\/dijitalanne.online\/index.php?rest_route=%2Fwp%2Fv2%2Fcomments&post=464"}],"version-history":[{"count":3,"href":"https:\/\/dijitalanne.online\/index.php?rest_route=\/wp\/v2\/pages\/464\/revisions"}],"predecessor-version":[{"id":476,"href":"https:\/\/dijitalanne.online\/index.php?rest_route=\/wp\/v2\/pages\/464\/revisions\/476"}],"wp:attachment":[{"href":"https:\/\/dijitalanne.online\/index.php?rest_route=%2Fwp%2Fv2%2Fmedia&parent=464"}],"curies":[{"name":"wp","href":"https:\/\/api.w.org\/{rel}","templated":true}]}}